{"id":26996,"date":"2023-12-19T16:24:43","date_gmt":"2023-12-19T15:24:43","guid":{"rendered":"https:\/\/fritsbmx.nl\/politique-de-confidentialite\/"},"modified":"2023-12-21T14:26:50","modified_gmt":"2023-12-21T13:26:50","slug":"politique-de-confidentialite","status":"publish","type":"page","link":"https:\/\/fritsbmx.nl\/fr\/politique-de-confidentialite\/","title":{"rendered":"Politique de confidentialit\u00e9"},"content":{"rendered":"\n<h2 class=\"wp-block-heading\">Politique de confidentialit\u00e9<\/h2>\n\n<p>L&rsquo;adresse de notre site est : https:\/\/www.fritsbmx.nl.<\/p>\n\n<h2 class=\"wp-block-heading\">R\u00e9actions<\/h2>\n\n<p>Lorsque les visiteurs laissent des commentaires sur le site, nous collectons les donn\u00e9es affich\u00e9es dans le formulaire de commentaires, ainsi que l&rsquo;adresse IP du visiteur et la cha\u00eene de l&rsquo;agent utilisateur du navigateur pour faciliter la d\u00e9tection du spam.<\/p>\n\n<p>Une cha\u00eene anonymis\u00e9e cr\u00e9\u00e9e \u00e0 partir de votre adresse e-mail (\u00e9galement appel\u00e9e hachage) peut \u00eatre envoy\u00e9e au service Gravatar si vous l&rsquo;utilisez. La page de politique de confidentialit\u00e9 du service Gravatar peut \u00eatre trouv\u00e9e ici : https:\/\/automattic.com\/privacy\/. Une fois votre commentaire approuv\u00e9, votre photo de profil sera visible publiquement dans le contexte de votre commentaire.<\/p>\n\n<h2 class=\"wp-block-heading\">M\u00e9dias<\/h2>\n\n<p>Si vous \u00eates un utilisateur enregistr\u00e9 et t\u00e9l\u00e9chargez des images sur le site, vous devez \u00e9viter de t\u00e9l\u00e9charger des images contenant des donn\u00e9es de localisation GPS EXIF \u200b\u200b\u200b\u200b. Les visiteurs du site peuvent t\u00e9l\u00e9charger les images du site et consulter les donn\u00e9es de localisation.<\/p>\n\n<h2 class=\"wp-block-heading\">Cookies<\/h2>\n\n<p>Lorsque vous laissez un commentaire sur notre site, vous pouvez choisir d&rsquo;enregistrer votre nom, votre adresse e-mail et votre site Web dans des cookies. Nous faisons cela pour votre commodit\u00e9 afin que vous n&rsquo;ayez pas \u00e0 remplir \u00e0 nouveau vos coordonn\u00e9es lorsque vous laissez un autre commentaire. Ces cookies sont valables un an.<\/p>\n\n<p>Si vous visitez notre page de connexion, nous stockerons un cookie temporaire pour v\u00e9rifier si votre navigateur accepte les cookies. Ce cookie ne contient aucune donn\u00e9e personnelle et est supprim\u00e9 lorsque vous fermez votre navigateur.<\/p>\n\n<p>Une fois connect\u00e9, nous stockerons certains cookies pour enregistrer vos informations de connexion et vos options d\u2019affichage \u00e0 l\u2019\u00e9cran. Les cookies de connexion sont valables 2 jours et les cookies pour les options d&rsquo;affichage de l&rsquo;\u00e9cran sont valables 1 an. Si vous s\u00e9lectionnez \u00ab Se souvenir de moi \u00bb, votre identifiant sera conserv\u00e9 pendant 2 semaines. D\u00e8s que vous vous d\u00e9connectez de votre compte, les cookies de connexion seront supprim\u00e9s.<\/p>\n\n<p>Lorsque vous modifiez ou publiez un message, un cookie suppl\u00e9mentaire est stock\u00e9 par votre navigateur. Ce cookie ne contient aucune donn\u00e9e personnelle et contient uniquement l&rsquo;identifiant de la publication de l&rsquo;article que vous avez modifi\u00e9. Ce cookie expire apr\u00e8s un jour.<\/p>\n\n<h2 class=\"wp-block-heading\">Contenu int\u00e9gr\u00e9 provenant d&rsquo;autres sites<\/h2>\n\n<p>Les publications sur ce site peuvent contenir du contenu int\u00e9gr\u00e9 (par exemple des vid\u00e9os, des images, des messages, etc.). Le contenu int\u00e9gr\u00e9 provenant d&rsquo;autres sites se comporte exactement de la m\u00eame mani\u00e8re que si le visiteur avait visit\u00e9 cet autre site.<\/p>\n\n<p>Ces sites peuvent collecter des donn\u00e9es sur vous, utiliser des cookies, int\u00e9grer un suivi tiers suppl\u00e9mentaire et surveiller votre interaction avec ce contenu int\u00e9gr\u00e9, notamment en enregistrant votre interaction avec le contenu int\u00e9gr\u00e9 si vous disposez d&rsquo;un compte et \u00eates connect\u00e9 \u00e0 ce site.<\/p>\n\n<h2 class=\"wp-block-heading\">Avec qui nous partageons vos donn\u00e9es<\/h2>\n\n<p>Si vous demandez une r\u00e9initialisation de mot de passe, votre adresse IP sera incluse dans l&rsquo;e-mail de r\u00e9initialisation.<\/p>\n\n<h2 class=\"wp-block-heading\">Combien de temps conservons-nous vos donn\u00e9es<\/h2>\n\n<p>Lorsque vous laissez un commentaire, ce commentaire et ses m\u00e9tadonn\u00e9es sont conserv\u00e9s pour toujours. De cette fa\u00e7on, nous pouvons reconna\u00eetre et approuver automatiquement les commentaires de suivi au lieu de devoir les mod\u00e9rer.<\/p>\n\n<p>Pour les utilisateurs qui s&rsquo;inscrivent sur notre site (le cas \u00e9ch\u00e9ant), nous stockons \u00e9galement les informations personnelles qu&rsquo;ils fournissent dans leur profil d&rsquo;utilisateur. Tous les utilisateurs peuvent consulter, modifier ou supprimer leurs informations personnelles \u00e0 tout moment (sauf qu&rsquo;ils ne peuvent pas modifier leur nom d&rsquo;utilisateur). Les administrateurs du site peuvent \u00e9galement afficher et modifier ces informations.<\/p>\n\n<h2 class=\"wp-block-heading\">Quels sont vos droits sur vos donn\u00e9es<\/h2>\n\n<p>Si vous avez un compte sur ce site ou avez laiss\u00e9 des commentaires, vous pouvez demander un fichier d&rsquo;exportation des donn\u00e9es personnelles que nous d\u00e9tenons \u00e0 votre sujet, y compris celles que vous nous avez fournies. Vous pouvez \u00e9galement demander que nous supprimions toutes les donn\u00e9es personnelles que nous d\u00e9tenons \u00e0 votre sujet. Cela n&rsquo;inclut pas les donn\u00e9es que nous sommes oblig\u00e9s de conserver \u00e0 des fins administratives, juridiques ou de s\u00e9curit\u00e9.<\/p>\n\n<h2 class=\"wp-block-heading\">O\u00f9 vos donn\u00e9es sont envoy\u00e9es<\/h2>\n\n<p>Les commentaires des visiteurs peuvent \u00eatre v\u00e9rifi\u00e9s via un service automatis\u00e9 de d\u00e9tection de spam.<\/p>\n","protected":false},"excerpt":{"rendered":"<p>Politique de confidentialit\u00e9 L&rsquo;adresse de notre site est : https:\/\/www.fritsbmx.nl. R\u00e9actions Lorsque les visiteurs laissent des commentaires sur le site, nous collectons les donn\u00e9es affich\u00e9es dans le formulaire de commentaires, ainsi que l&rsquo;adresse IP du visiteur et la cha\u00eene de l&rsquo;agent utilisateur du navigateur pour faciliter la d\u00e9tection du spam. Une cha\u00eene anonymis\u00e9e cr\u00e9\u00e9e \u00e0 [&hellip;]<\/p>\n","protected":false},"author":1,"featured_media":0,"parent":0,"menu_order":0,"comment_status":"closed","ping_status":"closed","template":"","meta":{"content-type":"","footnotes":""},"class_list":["post-26996","page","type-page","status-publish","hentry"],"_links":{"self":[{"href":"https:\/\/fritsbmx.nl\/fr\/wp-json\/wp\/v2\/pages\/26996","targetHints":{"allow":["GET"]}}],"collection":[{"href":"https:\/\/fritsbmx.nl\/fr\/wp-json\/wp\/v2\/pages"}],"about":[{"href":"https:\/\/fritsbmx.nl\/fr\/wp-json\/wp\/v2\/types\/page"}],"author":[{"embeddable":true,"href":"https:\/\/fritsbmx.nl\/fr\/wp-json\/wp\/v2\/users\/1"}],"replies":[{"embeddable":true,"href":"https:\/\/fritsbmx.nl\/fr\/wp-json\/wp\/v2\/comments?post=26996"}],"version-history":[{"count":1,"href":"https:\/\/fritsbmx.nl\/fr\/wp-json\/wp\/v2\/pages\/26996\/revisions"}],"predecessor-version":[{"id":26997,"href":"https:\/\/fritsbmx.nl\/fr\/wp-json\/wp\/v2\/pages\/26996\/revisions\/26997"}],"wp:attachment":[{"href":"https:\/\/fritsbmx.nl\/fr\/wp-json\/wp\/v2\/media?parent=26996"}],"curies":[{"name":"wp","href":"https:\/\/api.w.org\/{rel}","templated":true}]}}